{"id":1264,"date":"2019-10-28T16:02:29","date_gmt":"2019-10-28T19:02:29","guid":{"rendered":"http:\/\/lordsvw.com.br\/?page_id=1264"},"modified":"2019-10-28T16:08:25","modified_gmt":"2019-10-28T19:08:25","slug":"lords-classic-night-28-04-19-2-2-2","status":"publish","type":"page","link":"http:\/\/lordsvw.com.br\/?page_id=1264","title":{"rendered":"Encontro Lord\u00b4s VW Aerotown &#8211; 02\/11\/19"},"content":{"rendered":"\r\n<p><img loading=\"lazy\" decoding=\"async\" class=\"alignnone size-full wp-image-1265\" src=\"http:\/\/lordsvw.com.br\/wp-content\/uploads\/2019\/10\/IMG-20191028-WA0043.jpg\" alt=\"\" width=\"1280\" height=\"284\" \/><\/p>\r\n<p class=\"alig=justify\" style=\"text-align: justify;\">No dia 02 de novembro o\u00a0 \u00a0<strong><em>Lord\u00b4s VW Club RJ <\/em><\/strong>\u00a0e o <em><strong>Aerotown Power Center<\/strong><\/em> far\u00e3o mais um evento de sucesso. Dessa vez a tarde de s\u00e1bado ser\u00e1 repleta de belos exemplares de carros de v\u00e1rias d\u00e9cadas e estilos, de diferentes marcas e vers\u00f5es. Venha conhecer os diversos ve\u00edculos antigos que estar\u00e3o expostos e descubra algumas curiosidades sobre eles. Visite tamb\u00e9m as diversas lojas que estar\u00e3o presente no Mercado de Pulgas e curta boa m\u00fasica e as op\u00e7\u00f5es gastron\u00f4micas que o Aerotown Power Center oferece a seus visitantes.\u00a0<\/p>\r\n\r\n\r\n\r\n<ul class=\"wp-block-list\">\r\n<li><strong>Aerotown Power Center<\/strong>: Av. Ayrton Senna 2541 &#8211; Barra da Tijuca\/RJ | @aerotown_barra<\/li>\r\n<li><strong>Ichiban Past\u00e9is de Feira<\/strong> | Aerotown<\/li>\r\n<li><strong>Teciplast<\/strong> | Aerotown<\/li>\r\n<li><strong>J. Lima Auto Pe\u00e7as &amp; Acess\u00f3rios<\/strong>: Rua Sousa Valente 14 &#8211; S\u00e3o Crist\u00f3v\u00e3o\/RJ | @jlimaauto<\/li>\r\n<\/ul>\r\n\r\n\r\n\r\n<p>&nbsp;<\/p>\r\n\r\n\r\n\r\n<p>&nbsp;<\/p>\r\n\r\n\r\n\r\n<p>&nbsp;<\/p>\r\n","protected":false},"excerpt":{"rendered":"<p> <a class=\"more-link\" href=\"http:\/\/lordsvw.com.br\/?page_id=1264\"><\/a><\/p>\n","protected":false},"author":1,"featured_media":1265,"parent":0,"menu_order":0,"comment_status":"closed","ping_status":"closed","template":"","meta":{"footnotes":""},"class_list":["post-1264","page","type-page","status-publish","has-post-thumbnail","hentry"],"_links":{"self":[{"href":"http:\/\/lordsvw.com.br\/index.php?rest_route=\/wp\/v2\/pages\/1264","targetHints":{"allow":["GET"]}}],"collection":[{"href":"http:\/\/lordsvw.com.br\/index.php?rest_route=\/wp\/v2\/pages"}],"about":[{"href":"http:\/\/lordsvw.com.br\/index.php?rest_route=\/wp\/v2\/types\/page"}],"author":[{"embeddable":true,"href":"http:\/\/lordsvw.com.br\/index.php?rest_route=\/wp\/v2\/users\/1"}],"replies":[{"embeddable":true,"href":"http:\/\/lordsvw.com.br\/index.php?rest_route=%2Fwp%2Fv2%2Fcomments&post=1264"}],"version-history":[{"count":2,"href":"http:\/\/lordsvw.com.br\/index.php?rest_route=\/wp\/v2\/pages\/1264\/revisions"}],"predecessor-version":[{"id":1269,"href":"http:\/\/lordsvw.com.br\/index.php?rest_route=\/wp\/v2\/pages\/1264\/revisions\/1269"}],"wp:featuredmedia":[{"embeddable":true,"href":"http:\/\/lordsvw.com.br\/index.php?rest_route=\/wp\/v2\/media\/1265"}],"wp:attachment":[{"href":"http:\/\/lordsvw.com.br\/index.php?rest_route=%2Fwp%2Fv2%2Fmedia&parent=1264"}],"curies":[{"name":"wp","href":"https:\/\/api.w.org\/{rel}","templated":true}]}}