{"id":279,"date":"2017-09-27T13:17:10","date_gmt":"2017-09-27T13:17:10","guid":{"rendered":"http:\/\/lordsvw.com.br\/?page_id=279"},"modified":"2017-09-27T13:33:11","modified_gmt":"2017-09-27T13:33:11","slug":"fusca-verde","status":"publish","type":"page","link":"http:\/\/lordsvw.com.br\/?page_id=279","title":{"rendered":"Fusca Verde 1972"},"content":{"rendered":"<p style=\"text-align: center;\"><!-- MetaSlider 266 not found --><\/p>\n<p>Este ve\u00edculo encontra-se dispon\u00edvel para aluguel em eventos, exposi\u00e7\u00f5es e eventos fechados.<\/p>\n<p>Em caso de interesse entrar em contato com <strong><em>lordsvw@gmail.com<\/em><\/strong> para maiores informa\u00e7\u00f5es.<\/p>\n","protected":false},"excerpt":{"rendered":"<p> <a class=\"more-link\" href=\"http:\/\/lordsvw.com.br\/?page_id=279\"><\/a><\/p>\n","protected":false},"author":1,"featured_media":0,"parent":0,"menu_order":0,"comment_status":"closed","ping_status":"closed","template":"","meta":{"footnotes":""},"class_list":["post-279","page","type-page","status-publish","hentry"],"_links":{"self":[{"href":"http:\/\/lordsvw.com.br\/index.php?rest_route=\/wp\/v2\/pages\/279","targetHints":{"allow":["GET"]}}],"collection":[{"href":"http:\/\/lordsvw.com.br\/index.php?rest_route=\/wp\/v2\/pages"}],"about":[{"href":"http:\/\/lordsvw.com.br\/index.php?rest_route=\/wp\/v2\/types\/page"}],"author":[{"embeddable":true,"href":"http:\/\/lordsvw.com.br\/index.php?rest_route=\/wp\/v2\/users\/1"}],"replies":[{"embeddable":true,"href":"http:\/\/lordsvw.com.br\/index.php?rest_route=%2Fwp%2Fv2%2Fcomments&post=279"}],"version-history":[{"count":2,"href":"http:\/\/lordsvw.com.br\/index.php?rest_route=\/wp\/v2\/pages\/279\/revisions"}],"predecessor-version":[{"id":296,"href":"http:\/\/lordsvw.com.br\/index.php?rest_route=\/wp\/v2\/pages\/279\/revisions\/296"}],"wp:attachment":[{"href":"http:\/\/lordsvw.com.br\/index.php?rest_route=%2Fwp%2Fv2%2Fmedia&parent=279"}],"curies":[{"name":"wp","href":"https:\/\/api.w.org\/{rel}","templated":true}]}}