{"id":592,"date":"2017-10-01T13:49:51","date_gmt":"2017-10-01T16:49:51","guid":{"rendered":"http:\/\/lordsvw.com.br\/?page_id=592"},"modified":"2018-06-11T23:14:39","modified_gmt":"2018-06-12T02:14:39","slug":"fusca-azul-1967","status":"publish","type":"page","link":"http:\/\/lordsvw.com.br\/?page_id=592","title":{"rendered":"Fusca Azul 1967"},"content":{"rendered":"<p style=\"text-align: center;\"><div id=\"metaslider-id-578\" style=\"max-width: 800px;\" class=\"ml-slider-3-80-0 metaslider metaslider-flex metaslider-578 ml-slider ms-theme-default\" role=\"region\" aria-roledescription=\"Slideshow\" aria-label=\"fuscaca2\">\n    <div id=\"metaslider_container_578\">\n        <div id=\"metaslider_578\">\n            <ul class='slides'>\n                <li style=\"display: block; width: 100%;\" class=\"slide-584 ms-image \" aria-roledescription=\"slide\" aria-label=\"slide-584\"><img loading=\"lazy\" decoding=\"async\" src=\"http:\/\/lordsvw.com.br\/wp-content\/uploads\/2017\/10\/fuscaca6-650x406.jpg\" height=\"500\" width=\"800\" alt=\"\" class=\"slider-578 slide-584\" \/><\/li>\n                <li style=\"display: none; width: 100%;\" class=\"slide-585 ms-image \" aria-roledescription=\"slide\" aria-label=\"slide-585\"><img loading=\"lazy\" decoding=\"async\" src=\"http:\/\/lordsvw.com.br\/wp-content\/uploads\/2017\/10\/fuscaca7-650x406.jpg\" height=\"500\" width=\"800\" alt=\"\" class=\"slider-578 slide-585\" \/><\/li>\n                <li style=\"display: none; width: 100%;\" class=\"slide-586 ms-image \" aria-roledescription=\"slide\" aria-label=\"slide-586\"><img loading=\"lazy\" decoding=\"async\" src=\"http:\/\/lordsvw.com.br\/wp-content\/uploads\/2017\/10\/fuscaca8-650x406.jpg\" height=\"500\" width=\"800\" alt=\"\" class=\"slider-578 slide-586\" \/><\/li>\n                <li style=\"display: none; width: 100%;\" class=\"slide-587 ms-image \" aria-roledescription=\"slide\" aria-label=\"slide-587\"><img loading=\"lazy\" decoding=\"async\" src=\"http:\/\/lordsvw.com.br\/wp-content\/uploads\/2017\/10\/fuscaca9-650x406.jpg\" height=\"500\" width=\"800\" alt=\"\" class=\"slider-578 slide-587\" \/><\/li>\n                <li style=\"display: none; width: 100%;\" class=\"slide-588 ms-image \" aria-roledescription=\"slide\" aria-label=\"slide-588\"><img loading=\"lazy\" decoding=\"async\" src=\"http:\/\/lordsvw.com.br\/wp-content\/uploads\/2017\/10\/fuscaca10-650x406.jpg\" height=\"500\" width=\"800\" alt=\"\" class=\"slider-578 slide-588\" \/><\/li>\n            <\/ul>\n        <\/div>\n        \n    <\/div>\n<\/div><\/p>\n<p>Este ve\u00edculo encontra-se dispon\u00edvel para aluguel em eventos, exposi\u00e7\u00f5es e eventos fechados.<\/p>\n<p>Em caso de interesse entrar em contato com <strong><em>lordsvw@gmail.com<\/em><\/strong> para maiores informa\u00e7\u00f5es.<\/p>\n","protected":false},"excerpt":{"rendered":"<p> <a class=\"more-link\" href=\"http:\/\/lordsvw.com.br\/?page_id=592\"><\/a><\/p>\n","protected":false},"author":1,"featured_media":580,"parent":0,"menu_order":0,"comment_status":"closed","ping_status":"closed","template":"","meta":{"footnotes":""},"class_list":["post-592","page","type-page","status-publish","has-post-thumbnail","hentry"],"_links":{"self":[{"href":"http:\/\/lordsvw.com.br\/index.php?rest_route=\/wp\/v2\/pages\/592","targetHints":{"allow":["GET"]}}],"collection":[{"href":"http:\/\/lordsvw.com.br\/index.php?rest_route=\/wp\/v2\/pages"}],"about":[{"href":"http:\/\/lordsvw.com.br\/index.php?rest_route=\/wp\/v2\/types\/page"}],"author":[{"embeddable":true,"href":"http:\/\/lordsvw.com.br\/index.php?rest_route=\/wp\/v2\/users\/1"}],"replies":[{"embeddable":true,"href":"http:\/\/lordsvw.com.br\/index.php?rest_route=%2Fwp%2Fv2%2Fcomments&post=592"}],"version-history":[{"count":1,"href":"http:\/\/lordsvw.com.br\/index.php?rest_route=\/wp\/v2\/pages\/592\/revisions"}],"predecessor-version":[{"id":593,"href":"http:\/\/lordsvw.com.br\/index.php?rest_route=\/wp\/v2\/pages\/592\/revisions\/593"}],"wp:featuredmedia":[{"embeddable":true,"href":"http:\/\/lordsvw.com.br\/index.php?rest_route=\/wp\/v2\/media\/580"}],"wp:attachment":[{"href":"http:\/\/lordsvw.com.br\/index.php?rest_route=%2Fwp%2Fv2%2Fmedia&parent=592"}],"curies":[{"name":"wp","href":"https:\/\/api.w.org\/{rel}","templated":true}]}}