{"id":1890,"date":"2024-10-19T14:45:45","date_gmt":"2024-10-19T17:45:45","guid":{"rendered":"https:\/\/lordsvw.com.br\/?page_id=1890"},"modified":"2024-10-19T14:45:46","modified_gmt":"2024-10-19T17:45:46","slug":"encontro-aerotown-27-10-24","status":"publish","type":"page","link":"https:\/\/lordsvw.com.br\/?page_id=1890","title":{"rendered":"Encontro Aerotown &#8211; 27\/10\/24"},"content":{"rendered":"\n<figure class=\"wp-block-image size-large\"><a href=\"https:\/\/lordsvw.com.br\/wp-content\/uploads\/2024\/10\/chamada-1.jpg\"><img loading=\"lazy\" decoding=\"async\" width=\"1024\" height=\"586\" src=\"https:\/\/lordsvw.com.br\/wp-content\/uploads\/2024\/10\/chamada-1-1024x586.jpg\" alt=\"\" class=\"wp-image-1892\" srcset=\"https:\/\/lordsvw.com.br\/wp-content\/uploads\/2024\/10\/chamada-1-1024x586.jpg 1024w, https:\/\/lordsvw.com.br\/wp-content\/uploads\/2024\/10\/chamada-1-300x172.jpg 300w, https:\/\/lordsvw.com.br\/wp-content\/uploads\/2024\/10\/chamada-1-768x439.jpg 768w, https:\/\/lordsvw.com.br\/wp-content\/uploads\/2024\/10\/chamada-1-1536x879.jpg 1536w, https:\/\/lordsvw.com.br\/wp-content\/uploads\/2024\/10\/chamada-1.jpg 1666w\" sizes=\"auto, (max-width: 1024px) 100vw, 1024px\" \/><\/a><\/figure>\n\n\n\n<p>Prepare-se para um dia inesquec\u00edvel, cheio de m\u00e1quinas cl\u00e1ssicas e muita divers\u00e3o! No dia <strong>27\/10\/2024<\/strong>, a partir das 10h, o encontro ser\u00e1 no <strong>Aerotown<\/strong> \u2013 Av. Ayrton Senna, 2541, Barra da Tijuca! &#x1f3ce;&#xfe0f;&#x2728;<\/p>\n\n\n\n<p>Voc\u00ea vai curtir m\u00fasica ao vivo, sorteios de brindes, trof\u00e9us e, claro, a presen\u00e7a de apaixonados por Fuscas e carros antigos! &#x1f929;<\/p>\n\n\n\n<p>Venha se encantar com a exposi\u00e7\u00e3o e compartilhar sua paix\u00e3o por esses \u00edcones da estrada! &#x1f698;&#x2728;<\/p>\n\n\n\n<p>&#x1f39f;&#xfe0f; <strong>Valor do estacionamento no Aerotown: R$ 20,00 para todo o per\u00edodo do evento.<\/strong><\/p>\n\n\n\n<p>N\u00e3o perca essa oportunidade! Traga a fam\u00edlia, os amigos e garanta sua presen\u00e7a! Esque\u00e7a a rotina. Vem com a gente! &#x1f3b6;&#x1f381;&#x1f3c6;<\/p>\n\n\n\n<p><\/p>\n","protected":false},"excerpt":{"rendered":"<p> <a class=\"more-link\" href=\"https:\/\/lordsvw.com.br\/?page_id=1890\"><\/a><\/p>\n","protected":false},"author":2,"featured_media":0,"parent":0,"menu_order":0,"comment_status":"closed","ping_status":"closed","template":"","meta":{"footnotes":""},"class_list":["post-1890","page","type-page","status-publish","hentry"],"_links":{"self":[{"href":"https:\/\/lordsvw.com.br\/index.php?rest_route=\/wp\/v2\/pages\/1890","targetHints":{"allow":["GET"]}}],"collection":[{"href":"https:\/\/lordsvw.com.br\/index.php?rest_route=\/wp\/v2\/pages"}],"about":[{"href":"https:\/\/lordsvw.com.br\/index.php?rest_route=\/wp\/v2\/types\/page"}],"author":[{"embeddable":true,"href":"https:\/\/lordsvw.com.br\/index.php?rest_route=\/wp\/v2\/users\/2"}],"replies":[{"embeddable":true,"href":"https:\/\/lordsvw.com.br\/index.php?rest_route=%2Fwp%2Fv2%2Fcomments&post=1890"}],"version-history":[{"count":1,"href":"https:\/\/lordsvw.com.br\/index.php?rest_route=\/wp\/v2\/pages\/1890\/revisions"}],"predecessor-version":[{"id":1893,"href":"https:\/\/lordsvw.com.br\/index.php?rest_route=\/wp\/v2\/pages\/1890\/revisions\/1893"}],"wp:attachment":[{"href":"https:\/\/lordsvw.com.br\/index.php?rest_route=%2Fwp%2Fv2%2Fmedia&parent=1890"}],"curies":[{"name":"wp","href":"https:\/\/api.w.org\/{rel}","templated":true}]}}